{"id":547,"date":"2024-12-12T10:49:40","date_gmt":"2024-12-12T09:49:40","guid":{"rendered":"https:\/\/paco.gruppoflorence.it\/?page_id=547"},"modified":"2025-06-25T15:31:33","modified_gmt":"2025-06-25T13:31:33","slug":"home-page","status":"publish","type":"page","link":"https:\/\/paco.gruppoflorence.it\/fr\/","title":{"rendered":"Home Page"},"content":{"rendered":"","protected":false},"excerpt":{"rendered":"","protected":false},"author":18,"featured_media":0,"parent":0,"menu_order":0,"comment_status":"closed","ping_status":"closed","template":"","meta":{"_acf_changed":false,"footnotes":""},"class_list":["post-547","page","type-page","status-publish","hentry"],"acf":[],"yoast_head":"<!-- This site is optimized with the Yoast SEO plugin v27.3 - https:\/\/yoast.com\/product\/yoast-seo-wordpress\/ -->\n<title>PA&amp;CO: l&#039;excellence textile portugaise<\/title>\n<meta name=\"description\" content=\"D\u00e9couvrez PA&amp;CO \u00e0 Barcelos: tricot de pointe, recherche innovante sur les mat\u00e9riaux et tradition textile pour des solutions sur mesure durables et \u00e9l\u00e9gantes.\" \/>\n<meta name=\"robots\" content=\"index, follow, max-snippet:-1, max-image-preview:large, max-video-preview:-1\" \/>\n<link rel=\"canonical\" href=\"https:\/\/paco.gruppoflorence.it\/fr\/\" \/>\n<meta property=\"og:locale\" content=\"fr_FR\" \/>\n<meta property=\"og:type\" content=\"article\" \/>\n<meta property=\"og:title\" content=\"PA&amp;CO: l&#039;excellence textile portugaise\" \/>\n<meta property=\"og:description\" content=\"D\u00e9couvrez PA&amp;CO \u00e0 Barcelos: tricot de pointe, recherche innovante sur les mat\u00e9riaux et tradition textile pour des solutions sur mesure durables et \u00e9l\u00e9gantes.\" \/>\n<meta property=\"og:url\" content=\"https:\/\/paco.gruppoflorence.it\/fr\/\" \/>\n<meta property=\"og:site_name\" content=\"PA&amp;CO\" \/>\n<meta property=\"article:modified_time\" content=\"2025-06-25T13:31:33+00:00\" \/>\n<meta name=\"twitter:card\" content=\"summary_large_image\" \/>\n<script type=\"application\/ld+json\" class=\"yoast-schema-graph\">{\"@context\":\"https:\\\/\\\/schema.org\",\"@graph\":[{\"@type\":\"WebPage\",\"@id\":\"https:\\\/\\\/paco.gruppoflorence.it\\\/fr\\\/\",\"url\":\"https:\\\/\\\/paco.gruppoflorence.it\\\/fr\\\/\",\"name\":\"PA&CO: l'excellence textile portugaise\",\"isPartOf\":{\"@id\":\"https:\\\/\\\/paco.gruppoflorence.it\\\/it\\\/#website\"},\"datePublished\":\"2024-12-12T09:49:40+00:00\",\"dateModified\":\"2025-06-25T13:31:33+00:00\",\"description\":\"D\u00e9couvrez PA&CO \u00e0 Barcelos: tricot de pointe, recherche innovante sur les mat\u00e9riaux et tradition textile pour des solutions sur mesure durables et \u00e9l\u00e9gantes.\",\"breadcrumb\":{\"@id\":\"https:\\\/\\\/paco.gruppoflorence.it\\\/fr\\\/#breadcrumb\"},\"inLanguage\":\"fr-FR\",\"potentialAction\":[{\"@type\":\"ReadAction\",\"target\":[\"https:\\\/\\\/paco.gruppoflorence.it\\\/fr\\\/\"]}]},{\"@type\":\"BreadcrumbList\",\"@id\":\"https:\\\/\\\/paco.gruppoflorence.it\\\/fr\\\/#breadcrumb\",\"itemListElement\":[{\"@type\":\"ListItem\",\"position\":1,\"name\":\"Home\",\"item\":\"https:\\\/\\\/paco.gruppoflorence.it\\\/fr\\\/\"},{\"@type\":\"ListItem\",\"position\":2,\"name\":\"Home Page\"}]},{\"@type\":\"WebSite\",\"@id\":\"https:\\\/\\\/paco.gruppoflorence.it\\\/it\\\/#website\",\"url\":\"https:\\\/\\\/paco.gruppoflorence.it\\\/it\\\/\",\"name\":\"PA&amp;CO\",\"description\":\"\",\"potentialAction\":[{\"@type\":\"SearchAction\",\"target\":{\"@type\":\"EntryPoint\",\"urlTemplate\":\"https:\\\/\\\/paco.gruppoflorence.it\\\/it\\\/?s={search_term_string}\"},\"query-input\":{\"@type\":\"PropertyValueSpecification\",\"valueRequired\":true,\"valueName\":\"search_term_string\"}}],\"inLanguage\":\"fr-FR\"}]}<\/script>\n<!-- \/ Yoast SEO plugin. -->","yoast_head_json":{"title":"PA&CO: l'excellence textile portugaise","description":"D\u00e9couvrez PA&CO \u00e0 Barcelos: tricot de pointe, recherche innovante sur les mat\u00e9riaux et tradition textile pour des solutions sur mesure durables et \u00e9l\u00e9gantes.","robots":{"index":"index","follow":"follow","max-snippet":"max-snippet:-1","max-image-preview":"max-image-preview:large","max-video-preview":"max-video-preview:-1"},"canonical":"https:\/\/paco.gruppoflorence.it\/fr\/","og_locale":"fr_FR","og_type":"article","og_title":"PA&CO: l'excellence textile portugaise","og_description":"D\u00e9couvrez PA&CO \u00e0 Barcelos: tricot de pointe, recherche innovante sur les mat\u00e9riaux et tradition textile pour des solutions sur mesure durables et \u00e9l\u00e9gantes.","og_url":"https:\/\/paco.gruppoflorence.it\/fr\/","og_site_name":"PA&amp;CO","article_modified_time":"2025-06-25T13:31:33+00:00","twitter_card":"summary_large_image","schema":{"@context":"https:\/\/schema.org","@graph":[{"@type":"WebPage","@id":"https:\/\/paco.gruppoflorence.it\/fr\/","url":"https:\/\/paco.gruppoflorence.it\/fr\/","name":"PA&CO: l'excellence textile portugaise","isPartOf":{"@id":"https:\/\/paco.gruppoflorence.it\/it\/#website"},"datePublished":"2024-12-12T09:49:40+00:00","dateModified":"2025-06-25T13:31:33+00:00","description":"D\u00e9couvrez PA&CO \u00e0 Barcelos: tricot de pointe, recherche innovante sur les mat\u00e9riaux et tradition textile pour des solutions sur mesure durables et \u00e9l\u00e9gantes.","breadcrumb":{"@id":"https:\/\/paco.gruppoflorence.it\/fr\/#breadcrumb"},"inLanguage":"fr-FR","potentialAction":[{"@type":"ReadAction","target":["https:\/\/paco.gruppoflorence.it\/fr\/"]}]},{"@type":"BreadcrumbList","@id":"https:\/\/paco.gruppoflorence.it\/fr\/#breadcrumb","itemListElement":[{"@type":"ListItem","position":1,"name":"Home","item":"https:\/\/paco.gruppoflorence.it\/fr\/"},{"@type":"ListItem","position":2,"name":"Home Page"}]},{"@type":"WebSite","@id":"https:\/\/paco.gruppoflorence.it\/it\/#website","url":"https:\/\/paco.gruppoflorence.it\/it\/","name":"PA&amp;CO","description":"","potentialAction":[{"@type":"SearchAction","target":{"@type":"EntryPoint","urlTemplate":"https:\/\/paco.gruppoflorence.it\/it\/?s={search_term_string}"},"query-input":{"@type":"PropertyValueSpecification","valueRequired":true,"valueName":"search_term_string"}}],"inLanguage":"fr-FR"}]}},"_links":{"self":[{"href":"https:\/\/paco.gruppoflorence.it\/fr\/wp-json\/wp\/v2\/pages\/547","targetHints":{"allow":["GET"]}}],"collection":[{"href":"https:\/\/paco.gruppoflorence.it\/fr\/wp-json\/wp\/v2\/pages"}],"about":[{"href":"https:\/\/paco.gruppoflorence.it\/fr\/wp-json\/wp\/v2\/types\/page"}],"author":[{"embeddable":true,"href":"https:\/\/paco.gruppoflorence.it\/fr\/wp-json\/wp\/v2\/users\/18"}],"replies":[{"embeddable":true,"href":"https:\/\/paco.gruppoflorence.it\/fr\/wp-json\/wp\/v2\/comments?post=547"}],"version-history":[{"count":6,"href":"https:\/\/paco.gruppoflorence.it\/fr\/wp-json\/wp\/v2\/pages\/547\/revisions"}],"predecessor-version":[{"id":715,"href":"https:\/\/paco.gruppoflorence.it\/fr\/wp-json\/wp\/v2\/pages\/547\/revisions\/715"}],"wp:attachment":[{"href":"https:\/\/paco.gruppoflorence.it\/fr\/wp-json\/wp\/v2\/media?parent=547"}],"curies":[{"name":"wp","href":"https:\/\/api.w.org\/{rel}","templated":true}]}}