{"id":556,"date":"2024-12-12T09:23:05","date_gmt":"2024-12-12T08:23:05","guid":{"rendered":"https:\/\/paco.gruppoflorence.it\/?page_id=556"},"modified":"2025-12-19T12:39:21","modified_gmt":"2025-12-19T11:39:21","slug":"contactos","status":"publish","type":"page","link":"https:\/\/paco.gruppoflorence.it\/pt-pt\/contactos\/","title":{"rendered":"Contactos"},"content":{"rendered":"","protected":false},"excerpt":{"rendered":"","protected":false},"author":18,"featured_media":0,"parent":0,"menu_order":0,"comment_status":"closed","ping_status":"closed","template":"","meta":{"_acf_changed":false,"footnotes":""},"class_list":["post-556","page","type-page","status-publish","hentry"],"acf":[],"yoast_head":"<!-- This site is optimized with the Yoast SEO plugin v27.3 - https:\/\/yoast.com\/product\/yoast-seo-wordpress\/ -->\n<title>PA&amp;CO contactos: onde nos encontrar<\/title>\n<meta name=\"description\" content=\"Deseja obter informa\u00e7\u00f5es sobre os produtos e servi\u00e7os da PA&amp;CO no sector das malhas de luxo? Contacte-nos para uma assist\u00eancia personalizada.\" \/>\n<meta name=\"robots\" content=\"index, follow, max-snippet:-1, max-image-preview:large, max-video-preview:-1\" \/>\n<link rel=\"canonical\" href=\"https:\/\/paco.gruppoflorence.it\/pt-pt\/contactos\/\" \/>\n<meta property=\"og:locale\" content=\"pt_PT\" \/>\n<meta property=\"og:type\" content=\"article\" \/>\n<meta property=\"og:title\" content=\"PA&amp;CO contactos: onde nos encontrar\" \/>\n<meta property=\"og:description\" content=\"Deseja obter informa\u00e7\u00f5es sobre os produtos e servi\u00e7os da PA&amp;CO no sector das malhas de luxo? Contacte-nos para uma assist\u00eancia personalizada.\" \/>\n<meta property=\"og:url\" content=\"https:\/\/paco.gruppoflorence.it\/pt-pt\/contactos\/\" \/>\n<meta property=\"og:site_name\" content=\"PA&amp;CO\" \/>\n<meta property=\"article:modified_time\" content=\"2025-12-19T11:39:21+00:00\" \/>\n<meta name=\"twitter:card\" content=\"summary_large_image\" \/>\n<script type=\"application\/ld+json\" class=\"yoast-schema-graph\">{\"@context\":\"https:\\\/\\\/schema.org\",\"@graph\":[{\"@type\":\"WebPage\",\"@id\":\"https:\\\/\\\/paco.gruppoflorence.it\\\/pt-pt\\\/contactos\\\/\",\"url\":\"https:\\\/\\\/paco.gruppoflorence.it\\\/pt-pt\\\/contactos\\\/\",\"name\":\"PA&CO contactos: onde nos encontrar\",\"isPartOf\":{\"@id\":\"https:\\\/\\\/paco.gruppoflorence.it\\\/it\\\/#website\"},\"datePublished\":\"2024-12-12T08:23:05+00:00\",\"dateModified\":\"2025-12-19T11:39:21+00:00\",\"description\":\"Deseja obter informa\u00e7\u00f5es sobre os produtos e servi\u00e7os da PA&CO no sector das malhas de luxo? Contacte-nos para uma assist\u00eancia personalizada.\",\"breadcrumb\":{\"@id\":\"https:\\\/\\\/paco.gruppoflorence.it\\\/pt-pt\\\/contactos\\\/#breadcrumb\"},\"inLanguage\":\"pt-PT\",\"potentialAction\":[{\"@type\":\"ReadAction\",\"target\":[\"https:\\\/\\\/paco.gruppoflorence.it\\\/pt-pt\\\/contactos\\\/\"]}]},{\"@type\":\"BreadcrumbList\",\"@id\":\"https:\\\/\\\/paco.gruppoflorence.it\\\/pt-pt\\\/contactos\\\/#breadcrumb\",\"itemListElement\":[{\"@type\":\"ListItem\",\"position\":1,\"name\":\"Home\",\"item\":\"https:\\\/\\\/paco.gruppoflorence.it\\\/pt-pt\\\/\"},{\"@type\":\"ListItem\",\"position\":2,\"name\":\"Contactos\"}]},{\"@type\":\"WebSite\",\"@id\":\"https:\\\/\\\/paco.gruppoflorence.it\\\/it\\\/#website\",\"url\":\"https:\\\/\\\/paco.gruppoflorence.it\\\/it\\\/\",\"name\":\"PA&amp;CO\",\"description\":\"\",\"potentialAction\":[{\"@type\":\"SearchAction\",\"target\":{\"@type\":\"EntryPoint\",\"urlTemplate\":\"https:\\\/\\\/paco.gruppoflorence.it\\\/it\\\/?s={search_term_string}\"},\"query-input\":{\"@type\":\"PropertyValueSpecification\",\"valueRequired\":true,\"valueName\":\"search_term_string\"}}],\"inLanguage\":\"pt-PT\"}]}<\/script>\n<!-- \/ Yoast SEO plugin. -->","yoast_head_json":{"title":"PA&CO contactos: onde nos encontrar","description":"Deseja obter informa\u00e7\u00f5es sobre os produtos e servi\u00e7os da PA&CO no sector das malhas de luxo? Contacte-nos para uma assist\u00eancia personalizada.","robots":{"index":"index","follow":"follow","max-snippet":"max-snippet:-1","max-image-preview":"max-image-preview:large","max-video-preview":"max-video-preview:-1"},"canonical":"https:\/\/paco.gruppoflorence.it\/pt-pt\/contactos\/","og_locale":"pt_PT","og_type":"article","og_title":"PA&CO contactos: onde nos encontrar","og_description":"Deseja obter informa\u00e7\u00f5es sobre os produtos e servi\u00e7os da PA&CO no sector das malhas de luxo? Contacte-nos para uma assist\u00eancia personalizada.","og_url":"https:\/\/paco.gruppoflorence.it\/pt-pt\/contactos\/","og_site_name":"PA&amp;CO","article_modified_time":"2025-12-19T11:39:21+00:00","twitter_card":"summary_large_image","schema":{"@context":"https:\/\/schema.org","@graph":[{"@type":"WebPage","@id":"https:\/\/paco.gruppoflorence.it\/pt-pt\/contactos\/","url":"https:\/\/paco.gruppoflorence.it\/pt-pt\/contactos\/","name":"PA&CO contactos: onde nos encontrar","isPartOf":{"@id":"https:\/\/paco.gruppoflorence.it\/it\/#website"},"datePublished":"2024-12-12T08:23:05+00:00","dateModified":"2025-12-19T11:39:21+00:00","description":"Deseja obter informa\u00e7\u00f5es sobre os produtos e servi\u00e7os da PA&CO no sector das malhas de luxo? Contacte-nos para uma assist\u00eancia personalizada.","breadcrumb":{"@id":"https:\/\/paco.gruppoflorence.it\/pt-pt\/contactos\/#breadcrumb"},"inLanguage":"pt-PT","potentialAction":[{"@type":"ReadAction","target":["https:\/\/paco.gruppoflorence.it\/pt-pt\/contactos\/"]}]},{"@type":"BreadcrumbList","@id":"https:\/\/paco.gruppoflorence.it\/pt-pt\/contactos\/#breadcrumb","itemListElement":[{"@type":"ListItem","position":1,"name":"Home","item":"https:\/\/paco.gruppoflorence.it\/pt-pt\/"},{"@type":"ListItem","position":2,"name":"Contactos"}]},{"@type":"WebSite","@id":"https:\/\/paco.gruppoflorence.it\/it\/#website","url":"https:\/\/paco.gruppoflorence.it\/it\/","name":"PA&amp;CO","description":"","potentialAction":[{"@type":"SearchAction","target":{"@type":"EntryPoint","urlTemplate":"https:\/\/paco.gruppoflorence.it\/it\/?s={search_term_string}"},"query-input":{"@type":"PropertyValueSpecification","valueRequired":true,"valueName":"search_term_string"}}],"inLanguage":"pt-PT"}]}},"_links":{"self":[{"href":"https:\/\/paco.gruppoflorence.it\/pt-pt\/wp-json\/wp\/v2\/pages\/556","targetHints":{"allow":["GET"]}}],"collection":[{"href":"https:\/\/paco.gruppoflorence.it\/pt-pt\/wp-json\/wp\/v2\/pages"}],"about":[{"href":"https:\/\/paco.gruppoflorence.it\/pt-pt\/wp-json\/wp\/v2\/types\/page"}],"author":[{"embeddable":true,"href":"https:\/\/paco.gruppoflorence.it\/pt-pt\/wp-json\/wp\/v2\/users\/18"}],"replies":[{"embeddable":true,"href":"https:\/\/paco.gruppoflorence.it\/pt-pt\/wp-json\/wp\/v2\/comments?post=556"}],"version-history":[{"count":8,"href":"https:\/\/paco.gruppoflorence.it\/pt-pt\/wp-json\/wp\/v2\/pages\/556\/revisions"}],"predecessor-version":[{"id":770,"href":"https:\/\/paco.gruppoflorence.it\/pt-pt\/wp-json\/wp\/v2\/pages\/556\/revisions\/770"}],"wp:attachment":[{"href":"https:\/\/paco.gruppoflorence.it\/pt-pt\/wp-json\/wp\/v2\/media?parent=556"}],"curies":[{"name":"wp","href":"https:\/\/api.w.org\/{rel}","templated":true}]}}