{"id":560,"date":"2024-12-12T10:13:45","date_gmt":"2024-12-12T09:13:45","guid":{"rendered":"https:\/\/paco.gruppoflorence.it\/?page_id=560"},"modified":"2025-01-29T19:39:44","modified_gmt":"2025-01-29T18:39:44","slug":"servicos","status":"publish","type":"page","link":"https:\/\/paco.gruppoflorence.it\/pt-pt\/servicos\/","title":{"rendered":"Servi\u00e7os"},"content":{"rendered":"","protected":false},"excerpt":{"rendered":"","protected":false},"author":18,"featured_media":0,"parent":0,"menu_order":0,"comment_status":"closed","ping_status":"closed","template":"","meta":{"_acf_changed":false,"footnotes":""},"class_list":["post-560","page","type-page","status-publish","hentry"],"acf":[],"yoast_head":"<!-- This site is optimized with the Yoast SEO plugin v27.3 - https:\/\/yoast.com\/product\/yoast-seo-wordpress\/ -->\n<title>PA&amp;CO servi\u00e7os: qualidade para vestu\u00e1rio de malha de luxo<\/title>\n<meta name=\"description\" content=\"Descubra os servi\u00e7os da PA&amp;CO: malhas de alta qualidade para marcas de luxo, com processos optimizados desde a pesquisa de materiais at\u00e9 \u00e0 log\u00edstica.\" \/>\n<meta name=\"robots\" content=\"index, follow, max-snippet:-1, max-image-preview:large, max-video-preview:-1\" \/>\n<link rel=\"canonical\" href=\"https:\/\/paco.gruppoflorence.it\/pt-pt\/servicos\/\" \/>\n<meta property=\"og:locale\" content=\"pt_PT\" \/>\n<meta property=\"og:type\" content=\"article\" \/>\n<meta property=\"og:title\" content=\"PA&amp;CO servi\u00e7os: qualidade para vestu\u00e1rio de malha de luxo\" \/>\n<meta property=\"og:description\" content=\"Descubra os servi\u00e7os da PA&amp;CO: malhas de alta qualidade para marcas de luxo, com processos optimizados desde a pesquisa de materiais at\u00e9 \u00e0 log\u00edstica.\" \/>\n<meta property=\"og:url\" content=\"https:\/\/paco.gruppoflorence.it\/pt-pt\/servicos\/\" \/>\n<meta property=\"og:site_name\" content=\"PA&amp;CO\" \/>\n<meta property=\"article:modified_time\" content=\"2025-01-29T18:39:44+00:00\" \/>\n<meta name=\"twitter:card\" content=\"summary_large_image\" \/>\n<script type=\"application\/ld+json\" class=\"yoast-schema-graph\">{\"@context\":\"https:\\\/\\\/schema.org\",\"@graph\":[{\"@type\":\"WebPage\",\"@id\":\"https:\\\/\\\/paco.gruppoflorence.it\\\/pt-pt\\\/servicos\\\/\",\"url\":\"https:\\\/\\\/paco.gruppoflorence.it\\\/pt-pt\\\/servicos\\\/\",\"name\":\"PA&CO servi\u00e7os: qualidade para vestu\u00e1rio de malha de luxo\",\"isPartOf\":{\"@id\":\"https:\\\/\\\/paco.gruppoflorence.it\\\/it\\\/#website\"},\"datePublished\":\"2024-12-12T09:13:45+00:00\",\"dateModified\":\"2025-01-29T18:39:44+00:00\",\"description\":\"Descubra os servi\u00e7os da PA&CO: malhas de alta qualidade para marcas de luxo, com processos optimizados desde a pesquisa de materiais at\u00e9 \u00e0 log\u00edstica.\",\"breadcrumb\":{\"@id\":\"https:\\\/\\\/paco.gruppoflorence.it\\\/pt-pt\\\/servicos\\\/#breadcrumb\"},\"inLanguage\":\"pt-PT\",\"potentialAction\":[{\"@type\":\"ReadAction\",\"target\":[\"https:\\\/\\\/paco.gruppoflorence.it\\\/pt-pt\\\/servicos\\\/\"]}]},{\"@type\":\"BreadcrumbList\",\"@id\":\"https:\\\/\\\/paco.gruppoflorence.it\\\/pt-pt\\\/servicos\\\/#breadcrumb\",\"itemListElement\":[{\"@type\":\"ListItem\",\"position\":1,\"name\":\"Home\",\"item\":\"https:\\\/\\\/paco.gruppoflorence.it\\\/pt-pt\\\/\"},{\"@type\":\"ListItem\",\"position\":2,\"name\":\"Servi\u00e7os\"}]},{\"@type\":\"WebSite\",\"@id\":\"https:\\\/\\\/paco.gruppoflorence.it\\\/it\\\/#website\",\"url\":\"https:\\\/\\\/paco.gruppoflorence.it\\\/it\\\/\",\"name\":\"PA&amp;CO\",\"description\":\"\",\"potentialAction\":[{\"@type\":\"SearchAction\",\"target\":{\"@type\":\"EntryPoint\",\"urlTemplate\":\"https:\\\/\\\/paco.gruppoflorence.it\\\/it\\\/?s={search_term_string}\"},\"query-input\":{\"@type\":\"PropertyValueSpecification\",\"valueRequired\":true,\"valueName\":\"search_term_string\"}}],\"inLanguage\":\"pt-PT\"}]}<\/script>\n<!-- \/ Yoast SEO plugin. -->","yoast_head_json":{"title":"PA&CO servi\u00e7os: qualidade para vestu\u00e1rio de malha de luxo","description":"Descubra os servi\u00e7os da PA&CO: malhas de alta qualidade para marcas de luxo, com processos optimizados desde a pesquisa de materiais at\u00e9 \u00e0 log\u00edstica.","robots":{"index":"index","follow":"follow","max-snippet":"max-snippet:-1","max-image-preview":"max-image-preview:large","max-video-preview":"max-video-preview:-1"},"canonical":"https:\/\/paco.gruppoflorence.it\/pt-pt\/servicos\/","og_locale":"pt_PT","og_type":"article","og_title":"PA&CO servi\u00e7os: qualidade para vestu\u00e1rio de malha de luxo","og_description":"Descubra os servi\u00e7os da PA&CO: malhas de alta qualidade para marcas de luxo, com processos optimizados desde a pesquisa de materiais at\u00e9 \u00e0 log\u00edstica.","og_url":"https:\/\/paco.gruppoflorence.it\/pt-pt\/servicos\/","og_site_name":"PA&amp;CO","article_modified_time":"2025-01-29T18:39:44+00:00","twitter_card":"summary_large_image","schema":{"@context":"https:\/\/schema.org","@graph":[{"@type":"WebPage","@id":"https:\/\/paco.gruppoflorence.it\/pt-pt\/servicos\/","url":"https:\/\/paco.gruppoflorence.it\/pt-pt\/servicos\/","name":"PA&CO servi\u00e7os: qualidade para vestu\u00e1rio de malha de luxo","isPartOf":{"@id":"https:\/\/paco.gruppoflorence.it\/it\/#website"},"datePublished":"2024-12-12T09:13:45+00:00","dateModified":"2025-01-29T18:39:44+00:00","description":"Descubra os servi\u00e7os da PA&CO: malhas de alta qualidade para marcas de luxo, com processos optimizados desde a pesquisa de materiais at\u00e9 \u00e0 log\u00edstica.","breadcrumb":{"@id":"https:\/\/paco.gruppoflorence.it\/pt-pt\/servicos\/#breadcrumb"},"inLanguage":"pt-PT","potentialAction":[{"@type":"ReadAction","target":["https:\/\/paco.gruppoflorence.it\/pt-pt\/servicos\/"]}]},{"@type":"BreadcrumbList","@id":"https:\/\/paco.gruppoflorence.it\/pt-pt\/servicos\/#breadcrumb","itemListElement":[{"@type":"ListItem","position":1,"name":"Home","item":"https:\/\/paco.gruppoflorence.it\/pt-pt\/"},{"@type":"ListItem","position":2,"name":"Servi\u00e7os"}]},{"@type":"WebSite","@id":"https:\/\/paco.gruppoflorence.it\/it\/#website","url":"https:\/\/paco.gruppoflorence.it\/it\/","name":"PA&amp;CO","description":"","potentialAction":[{"@type":"SearchAction","target":{"@type":"EntryPoint","urlTemplate":"https:\/\/paco.gruppoflorence.it\/it\/?s={search_term_string}"},"query-input":{"@type":"PropertyValueSpecification","valueRequired":true,"valueName":"search_term_string"}}],"inLanguage":"pt-PT"}]}},"_links":{"self":[{"href":"https:\/\/paco.gruppoflorence.it\/pt-pt\/wp-json\/wp\/v2\/pages\/560","targetHints":{"allow":["GET"]}}],"collection":[{"href":"https:\/\/paco.gruppoflorence.it\/pt-pt\/wp-json\/wp\/v2\/pages"}],"about":[{"href":"https:\/\/paco.gruppoflorence.it\/pt-pt\/wp-json\/wp\/v2\/types\/page"}],"author":[{"embeddable":true,"href":"https:\/\/paco.gruppoflorence.it\/pt-pt\/wp-json\/wp\/v2\/users\/18"}],"replies":[{"embeddable":true,"href":"https:\/\/paco.gruppoflorence.it\/pt-pt\/wp-json\/wp\/v2\/comments?post=560"}],"version-history":[{"count":3,"href":"https:\/\/paco.gruppoflorence.it\/pt-pt\/wp-json\/wp\/v2\/pages\/560\/revisions"}],"predecessor-version":[{"id":614,"href":"https:\/\/paco.gruppoflorence.it\/pt-pt\/wp-json\/wp\/v2\/pages\/560\/revisions\/614"}],"wp:attachment":[{"href":"https:\/\/paco.gruppoflorence.it\/pt-pt\/wp-json\/wp\/v2\/media?parent=560"}],"curies":[{"name":"wp","href":"https:\/\/api.w.org\/{rel}","templated":true}]}}