{"id":574,"date":"2024-12-12T10:26:21","date_gmt":"2024-12-12T09:26:21","guid":{"rendered":"https:\/\/paco.gruppoflorence.it\/?page_id=574"},"modified":"2025-06-27T16:02:58","modified_gmt":"2025-06-27T14:02:58","slug":"empresa","status":"publish","type":"page","link":"https:\/\/paco.gruppoflorence.it\/pt-pt\/empresa\/","title":{"rendered":"Empresa"},"content":{"rendered":"","protected":false},"excerpt":{"rendered":"","protected":false},"author":18,"featured_media":0,"parent":0,"menu_order":0,"comment_status":"closed","ping_status":"closed","template":"","meta":{"_acf_changed":false,"footnotes":""},"class_list":["post-574","page","type-page","status-publish","hentry"],"acf":[],"yoast_head":"<!-- This site is optimized with the Yoast SEO plugin v27.3 - https:\/\/yoast.com\/product\/yoast-seo-wordpress\/ -->\n<title>PA&amp;CO: a nossa hist\u00f3ria, vis\u00e3o e miss\u00e3o<\/title>\n<meta name=\"description\" content=\"Descubra a hist\u00f3ria, a vis\u00e3o e a miss\u00e3o da PA&amp;CO: flexibilidade e qualidade para as marcas de luxo, combinando organiza\u00e7\u00e3o, forma\u00e7\u00e3o e sustentabilidade.\" \/>\n<meta name=\"robots\" content=\"index, follow, max-snippet:-1, max-image-preview:large, max-video-preview:-1\" \/>\n<link rel=\"canonical\" href=\"https:\/\/paco.gruppoflorence.it\/pt-pt\/empresa\/\" \/>\n<meta property=\"og:locale\" content=\"pt_PT\" \/>\n<meta property=\"og:type\" content=\"article\" \/>\n<meta property=\"og:title\" content=\"PA&amp;CO: a nossa hist\u00f3ria, vis\u00e3o e miss\u00e3o\" \/>\n<meta property=\"og:description\" content=\"Descubra a hist\u00f3ria, a vis\u00e3o e a miss\u00e3o da PA&amp;CO: flexibilidade e qualidade para as marcas de luxo, combinando organiza\u00e7\u00e3o, forma\u00e7\u00e3o e sustentabilidade.\" \/>\n<meta property=\"og:url\" content=\"https:\/\/paco.gruppoflorence.it\/pt-pt\/empresa\/\" \/>\n<meta property=\"og:site_name\" content=\"PA&amp;CO\" \/>\n<meta property=\"article:modified_time\" content=\"2025-06-27T14:02:58+00:00\" \/>\n<meta name=\"twitter:card\" content=\"summary_large_image\" \/>\n<script type=\"application\/ld+json\" class=\"yoast-schema-graph\">{\"@context\":\"https:\\\/\\\/schema.org\",\"@graph\":[{\"@type\":\"WebPage\",\"@id\":\"https:\\\/\\\/paco.gruppoflorence.it\\\/pt-pt\\\/empresa\\\/\",\"url\":\"https:\\\/\\\/paco.gruppoflorence.it\\\/pt-pt\\\/empresa\\\/\",\"name\":\"PA&CO: a nossa hist\u00f3ria, vis\u00e3o e miss\u00e3o\",\"isPartOf\":{\"@id\":\"https:\\\/\\\/paco.gruppoflorence.it\\\/it\\\/#website\"},\"datePublished\":\"2024-12-12T09:26:21+00:00\",\"dateModified\":\"2025-06-27T14:02:58+00:00\",\"description\":\"Descubra a hist\u00f3ria, a vis\u00e3o e a miss\u00e3o da PA&CO: flexibilidade e qualidade para as marcas de luxo, combinando organiza\u00e7\u00e3o, forma\u00e7\u00e3o e sustentabilidade.\",\"breadcrumb\":{\"@id\":\"https:\\\/\\\/paco.gruppoflorence.it\\\/pt-pt\\\/empresa\\\/#breadcrumb\"},\"inLanguage\":\"pt-PT\",\"potentialAction\":[{\"@type\":\"ReadAction\",\"target\":[\"https:\\\/\\\/paco.gruppoflorence.it\\\/pt-pt\\\/empresa\\\/\"]}]},{\"@type\":\"BreadcrumbList\",\"@id\":\"https:\\\/\\\/paco.gruppoflorence.it\\\/pt-pt\\\/empresa\\\/#breadcrumb\",\"itemListElement\":[{\"@type\":\"ListItem\",\"position\":1,\"name\":\"Home\",\"item\":\"https:\\\/\\\/paco.gruppoflorence.it\\\/pt-pt\\\/\"},{\"@type\":\"ListItem\",\"position\":2,\"name\":\"Empresa\"}]},{\"@type\":\"WebSite\",\"@id\":\"https:\\\/\\\/paco.gruppoflorence.it\\\/it\\\/#website\",\"url\":\"https:\\\/\\\/paco.gruppoflorence.it\\\/it\\\/\",\"name\":\"PA&amp;CO\",\"description\":\"\",\"potentialAction\":[{\"@type\":\"SearchAction\",\"target\":{\"@type\":\"EntryPoint\",\"urlTemplate\":\"https:\\\/\\\/paco.gruppoflorence.it\\\/it\\\/?s={search_term_string}\"},\"query-input\":{\"@type\":\"PropertyValueSpecification\",\"valueRequired\":true,\"valueName\":\"search_term_string\"}}],\"inLanguage\":\"pt-PT\"}]}<\/script>\n<!-- \/ Yoast SEO plugin. -->","yoast_head_json":{"title":"PA&CO: a nossa hist\u00f3ria, vis\u00e3o e miss\u00e3o","description":"Descubra a hist\u00f3ria, a vis\u00e3o e a miss\u00e3o da PA&CO: flexibilidade e qualidade para as marcas de luxo, combinando organiza\u00e7\u00e3o, forma\u00e7\u00e3o e sustentabilidade.","robots":{"index":"index","follow":"follow","max-snippet":"max-snippet:-1","max-image-preview":"max-image-preview:large","max-video-preview":"max-video-preview:-1"},"canonical":"https:\/\/paco.gruppoflorence.it\/pt-pt\/empresa\/","og_locale":"pt_PT","og_type":"article","og_title":"PA&CO: a nossa hist\u00f3ria, vis\u00e3o e miss\u00e3o","og_description":"Descubra a hist\u00f3ria, a vis\u00e3o e a miss\u00e3o da PA&CO: flexibilidade e qualidade para as marcas de luxo, combinando organiza\u00e7\u00e3o, forma\u00e7\u00e3o e sustentabilidade.","og_url":"https:\/\/paco.gruppoflorence.it\/pt-pt\/empresa\/","og_site_name":"PA&amp;CO","article_modified_time":"2025-06-27T14:02:58+00:00","twitter_card":"summary_large_image","schema":{"@context":"https:\/\/schema.org","@graph":[{"@type":"WebPage","@id":"https:\/\/paco.gruppoflorence.it\/pt-pt\/empresa\/","url":"https:\/\/paco.gruppoflorence.it\/pt-pt\/empresa\/","name":"PA&CO: a nossa hist\u00f3ria, vis\u00e3o e miss\u00e3o","isPartOf":{"@id":"https:\/\/paco.gruppoflorence.it\/it\/#website"},"datePublished":"2024-12-12T09:26:21+00:00","dateModified":"2025-06-27T14:02:58+00:00","description":"Descubra a hist\u00f3ria, a vis\u00e3o e a miss\u00e3o da PA&CO: flexibilidade e qualidade para as marcas de luxo, combinando organiza\u00e7\u00e3o, forma\u00e7\u00e3o e sustentabilidade.","breadcrumb":{"@id":"https:\/\/paco.gruppoflorence.it\/pt-pt\/empresa\/#breadcrumb"},"inLanguage":"pt-PT","potentialAction":[{"@type":"ReadAction","target":["https:\/\/paco.gruppoflorence.it\/pt-pt\/empresa\/"]}]},{"@type":"BreadcrumbList","@id":"https:\/\/paco.gruppoflorence.it\/pt-pt\/empresa\/#breadcrumb","itemListElement":[{"@type":"ListItem","position":1,"name":"Home","item":"https:\/\/paco.gruppoflorence.it\/pt-pt\/"},{"@type":"ListItem","position":2,"name":"Empresa"}]},{"@type":"WebSite","@id":"https:\/\/paco.gruppoflorence.it\/it\/#website","url":"https:\/\/paco.gruppoflorence.it\/it\/","name":"PA&amp;CO","description":"","potentialAction":[{"@type":"SearchAction","target":{"@type":"EntryPoint","urlTemplate":"https:\/\/paco.gruppoflorence.it\/it\/?s={search_term_string}"},"query-input":{"@type":"PropertyValueSpecification","valueRequired":true,"valueName":"search_term_string"}}],"inLanguage":"pt-PT"}]}},"_links":{"self":[{"href":"https:\/\/paco.gruppoflorence.it\/pt-pt\/wp-json\/wp\/v2\/pages\/574","targetHints":{"allow":["GET"]}}],"collection":[{"href":"https:\/\/paco.gruppoflorence.it\/pt-pt\/wp-json\/wp\/v2\/pages"}],"about":[{"href":"https:\/\/paco.gruppoflorence.it\/pt-pt\/wp-json\/wp\/v2\/types\/page"}],"author":[{"embeddable":true,"href":"https:\/\/paco.gruppoflorence.it\/pt-pt\/wp-json\/wp\/v2\/users\/18"}],"replies":[{"embeddable":true,"href":"https:\/\/paco.gruppoflorence.it\/pt-pt\/wp-json\/wp\/v2\/comments?post=574"}],"version-history":[{"count":3,"href":"https:\/\/paco.gruppoflorence.it\/pt-pt\/wp-json\/wp\/v2\/pages\/574\/revisions"}],"predecessor-version":[{"id":720,"href":"https:\/\/paco.gruppoflorence.it\/pt-pt\/wp-json\/wp\/v2\/pages\/574\/revisions\/720"}],"wp:attachment":[{"href":"https:\/\/paco.gruppoflorence.it\/pt-pt\/wp-json\/wp\/v2\/media?parent=574"}],"curies":[{"name":"wp","href":"https:\/\/api.w.org\/{rel}","templated":true}]}}